{"id":8947,"date":"2023-07-05T08:05:52","date_gmt":"2023-07-05T06:05:52","guid":{"rendered":"https:\/\/www.oncospitex.ch\/vt1\/?page_id=8947"},"modified":"2023-09-24T23:01:31","modified_gmt":"2023-09-24T21:01:31","slug":"chi-siamo","status":"publish","type":"page","link":"https:\/\/www.oncospitex.ch\/vt1\/chi-siamo\/","title":{"rendered":"Chi Siamo"},"content":{"rendered":"<section class=\"wpb-content-wrapper\"><p>[vc_row full_width=&#8221;stretch_row&#8221; equal_height=&#8221;yes&#8221; content_placement=&#8221;bottom&#8221; css=&#8221;.vc_custom_1695589285930{margin-top: -80px !important;}&#8221;][vc_column width=&#8221;5\/12&#8243; el_class=&#8221;rs_col-min-lg-6&#8243; offset=&#8221;vc_col-lg-5 vc_col-md-6&#8243; css=&#8221;.vc_custom_1689185703408{background-image: url(https:\/\/www.oncospitex.ch\/vt1\/wp-content\/uploads\/2023\/07\/image1.jpg?id=8973) !important;background-position: center !important;background-repeat: no-repeat !important;background-size: cover !important;}&#8221;][\/vc_column][vc_column width=&#8221;5\/12&#8243;]<div class=\"ult-spacer spacer-69d28b9f5db4d\" data-id=\"69d28b9f5db4d\" data-height=\"10\" data-height-mobile=\"10\" data-height-tab=\"10\" data-height-tab-portrait=\"\" data-height-mobile-landscape=\"\" style=\"clear:both;display:block;\"><\/div><div class='dt-sc-title script-with-sub-title '><h2>Chi Siamo<\/h2><h1>L\u2019ASSISTENZA DOMICILIARE <strong>ONCOLOGICA<\/strong><\/h1><\/div>[vc_column_text]L\u2019assistenza domiciliare permette di incontrare le necessit\u00e0 dell\u2019assistito in un ambiente sereno e accogliente<br \/>\nMantenere la propria indipendenza e autonomia grazie all\u2019assistenza domiciliare oncologica<\/p>\n<p>Ricevere cure e assistenza presso il proprio domicilio, circondati dai familiari, incide positivamente sul decorso della malattia, in modo particolare per quanto riguarda la sfera emotiva e psicologica, oltre che a mantenere pi\u00f9 a lungo l\u2019indipendenza del paziente.<\/p>\n<p>L&#8217;assistenza domiciliare oncologica si concentra sui bisogni fisici, psicologici, sociali e spirituali del paziente e fornisce la migliore qualit\u00e0 di vita possibile sia all&#8217;individuo che alla famiglia. Inoltre, permette di garantire una continuit\u00e0 clinica nel percorso oncologico specialistico. Il Servizio \u00e8 incentrato sulle esigenze individuali e il paziente viene coinvolto attivamente in ogni fase del percorso.<\/p>\n<p>OncoSpitex appartiene al gruppo Care-Win24, con il suo team altamente specializzato, si occupa di fornire assistenza e cura domiciliare specialistica oncologica in tutto il Ticino, 365 giorni all\u2019anno.<br \/>\n[\/vc_column_text][\/vc_column][vc_column width=&#8221;1\/12&#8243;][\/vc_column][\/vc_row][vc_row][vc_column][vc_empty_space height=&#8221;15px&#8221;][vc_zigzag color=&#8221;custom&#8221; custom_color=&#8221;#132050&#8243;][vc_empty_space][\/vc_column][\/vc_row][vc_row][vc_column width=&#8221;1\/4&#8243;]<div class=\"flip-box-wrap\" style=\"\"><div class=\"flip-box ifb-jq-height  horizontal_flip_left flip-ifb-jq-height\"  style=\"\" ><div class=\"ifb-flip-box\" id=\"flip-box-wrap-7316\"><div class=\"ifb-face ifb-front \" style=\"color:#333333;background:#ffffff; border-width: 2px;border-style: solid; border-color:#132050; border-radius: px;\">\r\n\t\t\t\t\t\t\t<div class=\"ifb-flip-box-section \">\r\n\t\t\t\t\t\t\t<div class=\"flip-box-icon\"><div class=\"ult-just-icon-wrapper  \"><div class=\"align-icon\" style=\"text-align:center;\">\n<div class=\"aio-icon-img \" style=\"font-size:48px;display:inline-block;\" >\n\t<img decoding=\"async\" class=\"img-icon\" alt=\"null\" src=\"https:\/\/www.oncospitex.ch\/vt1\/wp-content\/uploads\/2023\/07\/mission-1.png\"\/>\n<\/div><\/div><\/div><\/div><h2 class=\"ult-responsive flipbox_heading\"  data-ultimate-target='#flip-box-wrap-7316 .ult-responsive.flipbox_heading'  data-responsive-json-new='{\"font-size\":\"\",\"line-height\":\"\"}'  style=\"color:#333333; \">MISSIONE<\/h2><\/div><\/div><!-- END .front -->\r\n\t\t\t\t\t\t<div class=\"ifb-face ifb-back\" style=\"color:#333333;background:#ffffff; border-width: 2px;border-style: solid; border-color:#132050; border-radius: px;\">\r\n\t\t\t\t\t\t\t<div class=\"ifb-flip-box-section \"><h2 class=\"ult-responsive flipbox_heading\"  data-ultimate-target='#flip-box-wrap-7316 .ult-responsive.flipbox_heading'  data-responsive-json-new='{\"font-size\":\"\",\"line-height\":\"\"}'  style=\"color:#333333; \">MISSIONE<\/h2><div class=\"ifb-flip-box-section-content ult-responsive\"  data-ultimate-target='#flip-box-wrap-7316 .ifb-flip-box-section-content.ult-responsive'  data-responsive-json-new='{\"font-size\":\"\",\"line-height\":\"\"}'  style=\"color:#333333;color:#333333;\"><p>La qualit\u00e0 di vita, nel percorso del paziente oncologico, rappresenta la base su cui si fondano le cure<\/p><\/div><\/div><\/div><!-- END .back --><\/div> <!-- ifb-flip-box --><\/div> <!-- flip-box --><\/div><!-- End icon block -->[\/vc_column][vc_column width=&#8221;3\/4&#8243;][vc_column_text]Il Servizio OncoSpitex fornisce assistenza domiciliare specialistica al paziente oncologico durante il percorso terapeutico.<\/p>\n<p>Attraverso un team altamente specializzato e con una struttura solida, accoglie il paziente garantendo uno spazio di ascolto e di cura adattato alle necessit\u00e0 del singolo e della famiglia.<\/p>\n<p>Il personale garantisce professionalit\u00e0, empatia e si occupa di coordinare le attivit\u00e0 mettendo il paziente e la famiglia al centro dei servizi clinici di supporto.<\/p>\n<p><strong>Il nostro obiettivo<\/strong> \u00e8 garantire la miglior presa a carico infermieristica specialistica garantendo una disponibilit\u00e0 continua e fornendo prestazioni di altissima qualit\u00e0.[\/vc_column_text][\/vc_column][\/vc_row][vc_row][vc_column width=&#8221;1\/4&#8243;]<div class=\"flip-box-wrap\" style=\"\"><div class=\"flip-box ifb-jq-height  horizontal_flip_left flip-ifb-jq-height\"  style=\"\" ><div class=\"ifb-flip-box\" id=\"flip-box-wrap-5767\"><div class=\"ifb-face ifb-front \" style=\"color:#333333;background:#ffffff; border-width: 2px;border-style: solid; border-color:#132050; border-radius: px;\">\r\n\t\t\t\t\t\t\t<div class=\"ifb-flip-box-section \">\r\n\t\t\t\t\t\t\t<div class=\"flip-box-icon\"><div class=\"ult-just-icon-wrapper  \"><div class=\"align-icon\" style=\"text-align:center;\">\n<div class=\"aio-icon-img \" style=\"font-size:48px;display:inline-block;\" >\n\t<img decoding=\"async\" class=\"img-icon\" alt=\"null\" src=\"https:\/\/www.oncospitex.ch\/vt1\/wp-content\/uploads\/2023\/07\/vision.png\"\/>\n<\/div><\/div><\/div><\/div><h2 class=\"ult-responsive flipbox_heading\"  data-ultimate-target='#flip-box-wrap-5767 .ult-responsive.flipbox_heading'  data-responsive-json-new='{\"font-size\":\"\",\"line-height\":\"\"}'  style=\"color:#333333; \">VISIONE<\/h2><\/div><\/div><!-- END .front -->\r\n\t\t\t\t\t\t<div class=\"ifb-face ifb-back\" style=\"color:#333333;background:#ffffff; border-width: 2px;border-style: solid; border-color:#132050; border-radius: px;\">\r\n\t\t\t\t\t\t\t<div class=\"ifb-flip-box-section \"><h2 class=\"ult-responsive flipbox_heading\"  data-ultimate-target='#flip-box-wrap-5767 .ult-responsive.flipbox_heading'  data-responsive-json-new='{\"font-size\":\"\",\"line-height\":\"\"}'  style=\"color:#333333; \">VISIONE<\/h2><div class=\"ifb-flip-box-section-content ult-responsive\"  data-ultimate-target='#flip-box-wrap-5767 .ifb-flip-box-section-content.ult-responsive'  data-responsive-json-new='{\"font-size\":\"\",\"line-height\":\"\"}'  style=\"color:#333333;color:#333333;\"><p>Vogliamo offrire delle cure domiciliari che possano essere vicine al paziente ma sempre nel rispetto dello spazio e della libert\u00e0 che lo contraddistinguono<\/p><\/div><\/div><\/div><!-- END .back --><\/div> <!-- ifb-flip-box --><\/div> <!-- flip-box --><\/div><!-- End icon block -->[\/vc_column][vc_column width=&#8221;3\/4&#8243;][vc_column_text]Aspiriamo a diventare il punto di riferimento territoriale per il paziente oncologico, seguendo un percorso di miglioramento continuo e sviluppo clinico, promuovendo la telemedicina, il ruolo di coordinamento clinico e le collaborazioni con altri istituti e l\u2019ambito formativo.<\/p>\n<p>Desideriamo creare collaborazioni solide e percorsi assistenziali specialistici per il paziente al fine di garantire continuit\u00e0 e l\u2019alta qualit\u00e0 delle cure prestate.<\/p>\n<p>Desideriamo promuovere la formazione del personale e garantire un clima e una qualit\u00e0 di vita soddisfacente per i collaboratori impiegati nel nostro servizio.[\/vc_column_text][\/vc_column][\/vc_row][vc_row][vc_column width=&#8221;1\/4&#8243;]<div class=\"flip-box-wrap\" style=\"\"><div class=\"flip-box ifb-jq-height  horizontal_flip_left flip-ifb-jq-height\"  style=\"\" ><div class=\"ifb-flip-box\" id=\"flip-box-wrap-1084\"><div class=\"ifb-face ifb-front \" style=\"color:#333333;background:#ffffff; border-width: 2px;border-style: solid; border-color:#132050; border-radius: px;\">\r\n\t\t\t\t\t\t\t<div class=\"ifb-flip-box-section \">\r\n\t\t\t\t\t\t\t<div class=\"flip-box-icon\"><div class=\"ult-just-icon-wrapper  \"><div class=\"align-icon\" style=\"text-align:center;\">\n<div class=\"aio-icon-img \" style=\"font-size:48px;display:inline-block;\" >\n\t<img decoding=\"async\" class=\"img-icon\" alt=\"null\" src=\"https:\/\/www.oncospitex.ch\/vt1\/wp-content\/uploads\/2023\/07\/value.png\"\/>\n<\/div><\/div><\/div><\/div><h2 class=\"ult-responsive flipbox_heading\"  data-ultimate-target='#flip-box-wrap-1084 .ult-responsive.flipbox_heading'  data-responsive-json-new='{\"font-size\":\"\",\"line-height\":\"\"}'  style=\"color:#333333; \">VALORI<\/h2><\/div><\/div><!-- END .front -->\r\n\t\t\t\t\t\t<div class=\"ifb-face ifb-back\" style=\"color:#333333;background:#ffffff; border-width: 2px;border-style: solid; border-color:#132050; border-radius: px;\">\r\n\t\t\t\t\t\t\t<div class=\"ifb-flip-box-section \"><h2 class=\"ult-responsive flipbox_heading\"  data-ultimate-target='#flip-box-wrap-1084 .ult-responsive.flipbox_heading'  data-responsive-json-new='{\"font-size\":\"\",\"line-height\":\"\"}'  style=\"color:#333333; \">VALORI<\/h2><div class=\"ifb-flip-box-section-content ult-responsive\"  data-ultimate-target='#flip-box-wrap-1084 .ifb-flip-box-section-content.ult-responsive'  data-responsive-json-new='{\"font-size\":\"\",\"line-height\":\"\"}'  style=\"color:#333333;color:#333333;\"><p>Una persona che ha cura di un\u2019altra rappresenta il pi\u00f9 grande valore della vita.<br \/>\n(Jim Rohn)<\/p><\/div><\/div><\/div><!-- END .back --><\/div> <!-- ifb-flip-box --><\/div> <!-- flip-box --><\/div><!-- End icon block -->[\/vc_column][vc_column width=&#8221;3\/4&#8243;][vc_column_text]<strong>Rispetto<\/strong>: Il nostro principio guida \u00e8 il rispetto per la persona e dignit\u00e0 umana, mettiamo le persone al centro di tutto ci\u00f2 che facciamo coinvolgendo il paziente nelle cure e supportandolo nelle scelte.<\/p>\n<p><strong>Relazione<\/strong>: Favoriamo un clima sereno e uno spazio per relazionarci in modo aperto e che possa facilitare l\u2019ascolto dei bisogni dell\u2019utente e dei colleghi di lavoro.<\/p>\n<p><strong>Responsabilit\u00e0<\/strong>: Ci assumiamo, come singolo individuo e come servizio, la responsabilit\u00e0 delle decisioni che ci portano ad agire per il bene del paziente e della famiglia. Allo stesso tempo siamo responsabili di favorire un buon clima di lavoro dove ci si possa sentire liberi di esprimere il proprio vissuto e i propri valori.<\/p>\n<p><strong>Professionalit\u00e0<\/strong>: Ci impegniamo a favorire il raggiungimento di un livello professionale che permetta di prestare le cure migliori possibili. Favoriamo lo sviluppo del personale e garantiamo questa professionalit\u00e0 con una struttura operativa flessibile per favorire l\u2019accesso migliore alle cure e la valorizzazione del team attraverso il pensiero critico e creativo.<\/p>\n<p><strong>Collaborazione<\/strong>: Promuoviamo la collaborazione e l\u2019interprofessionalit\u00e0 proponendoci di sviluppare una rete di cura che comprenda in modo centrale, oltre ai vari professionisti, il paziente e la sua famiglia.[\/vc_column_text][\/vc_column][\/vc_row][vc_row][vc_column width=&#8221;1\/3&#8243;]<div class='dt-sc-team  simple-rounded aligncenter'><div class='dt-sc-team-thumb'><img loading=\"lazy\" decoding=\"async\" width=\"512\" height=\"512\" src=\"https:\/\/www.oncospitex.ch\/vt1\/wp-content\/uploads\/2023\/07\/mission-1.png\" class=\"attachment-full\" alt=\"\" title=\"mission\" srcset=\"https:\/\/www.oncospitex.ch\/vt1\/wp-content\/uploads\/2023\/07\/mission-1.png 512w, https:\/\/www.oncospitex.ch\/vt1\/wp-content\/uploads\/2023\/07\/mission-1-300x300.png 300w, https:\/\/www.oncospitex.ch\/vt1\/wp-content\/uploads\/2023\/07\/mission-1-150x150.png 150w, https:\/\/www.oncospitex.ch\/vt1\/wp-content\/uploads\/2023\/07\/mission-1-100x100.png 100w\" sizes=\"(max-width: 512px) 100vw, 512px\" \/><\/div><div class='dt-sc-team-details'><h4>MISSIONE<\/h4><h5>La qualit\u00e0 di vita, nel percorso del paziente oncologico, rappresenta la base su cui si fondano le cure<\/h5><p>Il Servizio OncoSpitex fornisce assistenza domiciliare specialistica al paziente oncologico durante il percorso terapeutico.<\/p>\n<p>Attraverso un team altamente specializzato e con una struttura solida, accoglie il paziente garantendo uno spazio di ascolto e di cura adattato alle necessit\u00e0 del singolo e della famiglia.<\/p>\n<p>Il personale garantisce professionalit\u00e0, empatia e si occupa di coordinare le attivit\u00e0 mettendo il paziente e la famiglia al centro dei servizi clinici di supporto.<\/p>\n<p><strong>Il nostro obiettivo<\/strong>\u00a0\u00e8 garantire la miglior presa a carico infermieristica specialistica garantendo una disponibilit\u00e0 continua e fornendo prestazioni di altissima qualit\u00e0.<\/p><\/div><\/div>[\/vc_column][vc_column width=&#8221;1\/3&#8243;]<div class='dt-sc-team  simple-rounded aligncenter'><div class='dt-sc-team-thumb'><img loading=\"lazy\" decoding=\"async\" width=\"512\" height=\"512\" src=\"https:\/\/www.oncospitex.ch\/vt1\/wp-content\/uploads\/2023\/07\/vision.png\" class=\"attachment-full\" alt=\"\" title=\"vision\" srcset=\"https:\/\/www.oncospitex.ch\/vt1\/wp-content\/uploads\/2023\/07\/vision.png 512w, https:\/\/www.oncospitex.ch\/vt1\/wp-content\/uploads\/2023\/07\/vision-300x300.png 300w, https:\/\/www.oncospitex.ch\/vt1\/wp-content\/uploads\/2023\/07\/vision-150x150.png 150w, https:\/\/www.oncospitex.ch\/vt1\/wp-content\/uploads\/2023\/07\/vision-100x100.png 100w\" sizes=\"(max-width: 512px) 100vw, 512px\" \/><\/div><div class='dt-sc-team-details'><h4>VISIONE<\/h4><h5>Vogliamo offrire delle cure domiciliari che possano essere vicine al paziente ma sempre nel rispetto dello spazio e della libert\u00e0 che lo contraddistinguono<\/h5><p>Aspiriamo a diventare il punto di riferimento territoriale per il paziente oncologico, seguendo un percorso di miglioramento continuo e sviluppo clinico, promuovendo la telemedicina, il ruolo di coordinamento clinico e le collaborazioni con altri istituti e l\u2019ambito formativo.<\/p>\n<p>Desideriamo creare collaborazioni solide e percorsi assistenziali specialistici per il paziente al fine di garantire continuit\u00e0 e l\u2019alta qualit\u00e0 delle cure prestate.<\/p>\n<p>Desideriamo promuovere la formazione del personale e garantire un clima e una qualit\u00e0 di vita soddisfacente per i collaboratori impiegati nel nostro servizio.<\/p><\/div><\/div>[\/vc_column][vc_column width=&#8221;1\/3&#8243;]<div class='dt-sc-team  simple-rounded aligncenter'><div class='dt-sc-team-thumb'><img loading=\"lazy\" decoding=\"async\" width=\"512\" height=\"512\" src=\"https:\/\/www.oncospitex.ch\/vt1\/wp-content\/uploads\/2023\/07\/value.png\" class=\"attachment-full\" alt=\"\" title=\"value\" srcset=\"https:\/\/www.oncospitex.ch\/vt1\/wp-content\/uploads\/2023\/07\/value.png 512w, https:\/\/www.oncospitex.ch\/vt1\/wp-content\/uploads\/2023\/07\/value-300x300.png 300w, https:\/\/www.oncospitex.ch\/vt1\/wp-content\/uploads\/2023\/07\/value-150x150.png 150w, https:\/\/www.oncospitex.ch\/vt1\/wp-content\/uploads\/2023\/07\/value-100x100.png 100w\" sizes=\"(max-width: 512px) 100vw, 512px\" \/><\/div><div class='dt-sc-team-details'><h4>VALORI<\/h4><h5>Una persona che ha cura di un\u2019altra rappresenta il pi\u00f9 grande valore della vita. (Jim Rohn)<\/h5><p><strong>Rispetto<\/strong>: Il nostro principio guida \u00e8 il rispetto per la persona e dignit\u00e0 umana, mettiamo le persone al centro di tutto ci\u00f2 che facciamo coinvolgendo il paziente nelle cure e supportandolo nelle scelte.<\/p>\n<p><strong>Relazione<\/strong>: Favoriamo un clima sereno e uno spazio per relazionarci in modo aperto e che possa facilitare l\u2019ascolto dei bisogni dell\u2019utente e dei colleghi di lavoro.<\/p>\n<p><strong>Responsabilit\u00e0<\/strong>: Ci assumiamo, come singolo individuo e come servizio, la responsabilit\u00e0 delle decisioni che ci portano ad agire per il bene del paziente e della famiglia. Allo stesso tempo siamo responsabili di favorire un buon clima di lavoro dove ci si possa sentire liberi di esprimere il proprio vissuto e i propri valori.<\/p>\n<p><strong>Professionalit\u00e0<\/strong>: Ci impegniamo a favorire il raggiungimento di un livello professionale che permetta di prestare le cure migliori possibili. Favoriamo lo sviluppo del personale e garantiamo questa professionalit\u00e0 con una struttura operativa flessibile per favorire l\u2019accesso migliore alle cure e la valorizzazione del team attraverso il pensiero critico e creativo.<\/p>\n<p><strong>Collaborazione<\/strong>: Promuoviamo la collaborazione e l\u2019interprofessionalit\u00e0 proponendoci di sviluppare una rete di cura che comprenda in modo centrale, oltre ai vari professionisti, il paziente e la sua famiglia.<\/p><\/div><\/div>[\/vc_column][\/vc_row][vc_row][vc_column]<div class='dt-sc-team  simple-rounded aligncenter'><div class='dt-sc-team-thumb'><img loading=\"lazy\" decoding=\"async\" width=\"512\" height=\"512\" src=\"https:\/\/www.oncospitex.ch\/vt1\/wp-content\/uploads\/2023\/07\/mission-1.png\" class=\"attachment-full\" alt=\"\" title=\"mission\" srcset=\"https:\/\/www.oncospitex.ch\/vt1\/wp-content\/uploads\/2023\/07\/mission-1.png 512w, https:\/\/www.oncospitex.ch\/vt1\/wp-content\/uploads\/2023\/07\/mission-1-300x300.png 300w, https:\/\/www.oncospitex.ch\/vt1\/wp-content\/uploads\/2023\/07\/mission-1-150x150.png 150w, https:\/\/www.oncospitex.ch\/vt1\/wp-content\/uploads\/2023\/07\/mission-1-100x100.png 100w\" sizes=\"(max-width: 512px) 100vw, 512px\" \/><\/div><div class='dt-sc-team-details'><h4>MISSIONE<\/h4><h5>La qualit\u00e0 di vita, nel percorso del paziente oncologico, rappresenta la base su cui si fondano le cure<\/h5><p><p style=\"text-align: left;\">Il Servizio OncoSpitex fornisce assistenza domiciliare specialistica al paziente oncologico durante il percorso terapeutico.<\/p>\n<p style=\"text-align: left;\">Attraverso un team altamente specializzato e con una struttura solida, accoglie il paziente garantendo uno spazio di ascolto e di cura adattato alle necessit\u00e0 del singolo e della famiglia.<\/p>\n<p style=\"text-align: left;\">Il personale garantisce professionalit\u00e0, empatia e si occupa di coordinare le attivit\u00e0 mettendo il paziente e la famiglia al centro dei servizi clinici di supporto.<\/p>\n<p style=\"text-align: left;\"><strong>Il nostro obiettivo<\/strong>\u00a0\u00e8 garantire la miglior presa a carico infermieristica specialistica garantendo una disponibilit\u00e0 continua e fornendo prestazioni di altissima qualit\u00e0.<\/p><\/p><\/div><\/div><div class='dt-sc-double-border-separator '><\/div><div class='dt-sc-team  simple-rounded aligncenter'><div class='dt-sc-team-thumb'><img loading=\"lazy\" decoding=\"async\" width=\"512\" height=\"512\" src=\"https:\/\/www.oncospitex.ch\/vt1\/wp-content\/uploads\/2023\/07\/vision.png\" class=\"attachment-full\" alt=\"\" title=\"vision\" srcset=\"https:\/\/www.oncospitex.ch\/vt1\/wp-content\/uploads\/2023\/07\/vision.png 512w, https:\/\/www.oncospitex.ch\/vt1\/wp-content\/uploads\/2023\/07\/vision-300x300.png 300w, https:\/\/www.oncospitex.ch\/vt1\/wp-content\/uploads\/2023\/07\/vision-150x150.png 150w, https:\/\/www.oncospitex.ch\/vt1\/wp-content\/uploads\/2023\/07\/vision-100x100.png 100w\" sizes=\"(max-width: 512px) 100vw, 512px\" \/><\/div><div class='dt-sc-team-details'><h4>VISIONE<\/h4><h5>Vogliamo offrire delle cure domiciliari che possano essere vicine al paziente ma sempre nel rispetto dello spazio e della libert\u00e0 che lo contraddistinguono<\/h5><p><p style=\"text-align: left;\">Aspiriamo a diventare il punto di riferimento territoriale per il paziente oncologico, seguendo un percorso di miglioramento continuo e sviluppo clinico, promuovendo la telemedicina, il ruolo di coordinamento clinico e le collaborazioni con altri istituti e l\u2019ambito formativo.<\/p>\n<p style=\"text-align: left;\">Desideriamo creare collaborazioni solide e percorsi assistenziali specialistici per il paziente al fine di garantire continuit\u00e0 e l\u2019alta qualit\u00e0 delle cure prestate.<\/p>\n<p style=\"text-align: left;\">Desideriamo promuovere la formazione del personale e garantire un clima e una qualit\u00e0 di vita soddisfacente per i collaboratori impiegati nel nostro servizio.<\/p><\/p><\/div><\/div><div class='dt-sc-double-border-separator '><\/div><div class='dt-sc-team  simple-rounded aligncenter'><div class='dt-sc-team-thumb'><img loading=\"lazy\" decoding=\"async\" width=\"512\" height=\"512\" src=\"https:\/\/www.oncospitex.ch\/vt1\/wp-content\/uploads\/2023\/07\/value.png\" class=\"attachment-full\" alt=\"\" title=\"value\" srcset=\"https:\/\/www.oncospitex.ch\/vt1\/wp-content\/uploads\/2023\/07\/value.png 512w, https:\/\/www.oncospitex.ch\/vt1\/wp-content\/uploads\/2023\/07\/value-300x300.png 300w, https:\/\/www.oncospitex.ch\/vt1\/wp-content\/uploads\/2023\/07\/value-150x150.png 150w, https:\/\/www.oncospitex.ch\/vt1\/wp-content\/uploads\/2023\/07\/value-100x100.png 100w\" sizes=\"(max-width: 512px) 100vw, 512px\" \/><\/div><div class='dt-sc-team-details'><h4>VALORI<\/h4><h5>Una persona che ha cura di un\u2019altra rappresenta il pi\u00f9 grande valore della vita. (Jim Rohn)<\/h5><p><p style=\"text-align: left;\"><strong>Rispetto<\/strong>: Il nostro principio guida \u00e8 il rispetto per la persona e dignit\u00e0 umana, mettiamo le persone al centro di tutto ci\u00f2 che facciamo coinvolgendo il paziente nelle cure e supportandolo nelle scelte.<\/p>\n<p style=\"text-align: left;\"><strong>Relazione<\/strong>: Favoriamo un clima sereno e uno spazio per relazionarci in modo aperto e che possa facilitare l\u2019ascolto dei bisogni dell\u2019utente e dei colleghi di lavoro.<\/p>\n<p style=\"text-align: left;\"><strong>Responsabilit\u00e0<\/strong>: Ci assumiamo, come singolo individuo e come servizio, la responsabilit\u00e0 delle decisioni che ci portano ad agire per il bene del paziente e della famiglia. Allo stesso tempo siamo responsabili di favorire un buon clima di lavoro dove ci si possa sentire liberi di esprimere il proprio vissuto e i propri valori.<\/p>\n<p style=\"text-align: left;\"><strong>Professionalit\u00e0<\/strong>: Ci impegniamo a favorire il raggiungimento di un livello professionale che permetta di prestare le cure migliori possibili. Favoriamo lo sviluppo del personale e garantiamo questa professionalit\u00e0 con una struttura operativa flessibile per favorire l\u2019accesso migliore alle cure e la valorizzazione del team attraverso il pensiero critico e creativo.<\/p>\n<p style=\"text-align: left;\"><strong>Collaborazione<\/strong>: Promuoviamo la collaborazione e l\u2019interprofessionalit\u00e0 proponendoci di sviluppare una rete di cura che comprenda in modo centrale, oltre ai vari professionisti, il paziente e la sua famiglia.<\/p><\/p><\/div><\/div>[\/vc_column][\/vc_row]<\/p>\n<\/section>","protected":false},"excerpt":{"rendered":"<p>[vc_row full_width=&#8221;stretch_row&#8221; equal_height=&#8221;yes&#8221; content_placement=&#8221;bottom&#8221; css=&#8221;.vc_custom_1695589285930{margin-top: -80px !important;}&#8221;][vc_column width=&#8221;5\/12&#8243; el_class=&#8221;rs_col-min-lg-6&#8243; offset=&#8221;vc_col-lg-5 vc_col-md-6&#8243; css=&#8221;.vc_custom_1689185703408{background-image: url(https:\/\/www.oncospitex.ch\/vt1\/wp-content\/uploads\/2023\/07\/image1.jpg?id=8973) !important;background-position: center !important;background-repeat: no-repeat !important;background-size: cover !important;}&#8221;][\/vc_column][vc_column width=&#8221;5\/12&#8243;][vc_column_text]L\u2019assistenza domiciliare permette di incontrare le necessit\u00e0 dell\u2019assistito in un ambiente sereno e accogliente Mantenere la propria indipendenza e autonomia grazie all\u2019assistenza domiciliare oncologica Ricevere cure e assistenza presso il proprio domicilio, circondati dai familiari, [&hellip;]<\/p>\n","protected":false},"author":1,"featured_media":0,"parent":0,"menu_order":0,"comment_status":"closed","ping_status":"closed","template":"","meta":{"footnotes":""},"_links":{"self":[{"href":"https:\/\/www.oncospitex.ch\/vt1\/wp-json\/wp\/v2\/pages\/8947"}],"collection":[{"href":"https:\/\/www.oncospitex.ch\/vt1\/wp-json\/wp\/v2\/pages"}],"about":[{"href":"https:\/\/www.oncospitex.ch\/vt1\/wp-json\/wp\/v2\/types\/page"}],"author":[{"embeddable":true,"href":"https:\/\/www.oncospitex.ch\/vt1\/wp-json\/wp\/v2\/users\/1"}],"replies":[{"embeddable":true,"href":"https:\/\/www.oncospitex.ch\/vt1\/wp-json\/wp\/v2\/comments?post=8947"}],"version-history":[{"count":56,"href":"https:\/\/www.oncospitex.ch\/vt1\/wp-json\/wp\/v2\/pages\/8947\/revisions"}],"predecessor-version":[{"id":9149,"href":"https:\/\/www.oncospitex.ch\/vt1\/wp-json\/wp\/v2\/pages\/8947\/revisions\/9149"}],"wp:attachment":[{"href":"https:\/\/www.oncospitex.ch\/vt1\/wp-json\/wp\/v2\/media?parent=8947"}],"curies":[{"name":"wp","href":"https:\/\/api.w.org\/{rel}","templated":true}]}}